{"id":634,"date":"2018-03-08T10:30:54","date_gmt":"2018-03-08T16:30:54","guid":{"rendered":"http:\/\/mareo-vertigo.com\/?page_id=634"},"modified":"2018-03-14T10:31:58","modified_gmt":"2018-03-14T16:31:58","slug":"pruebas-topodiagnosticas-en-el-paciente-con-vertigo","status":"publish","type":"page","link":"https:\/\/mareo-vertigo.com\/en\/pruebas-topodiagnosticas-en-el-paciente-con-vertigo\/","title":{"rendered":"(Espa\u00f1ol) PRUEBAS TOPODIAGNOSTICAS EN EL PACIENTE CON VERTIGO"},"content":{"rendered":"<p class=\"qtranxs-available-languages-message qtranxs-available-languages-message-en\">Sorry, this entry is only available in <a href=\"https:\/\/mareo-vertigo.com\/es\/wp-json\/wp\/v2\/pages\/634\" class=\"qtranxs-available-language-link qtranxs-available-language-link-es\" title=\"Espa\u00f1ol\">Espa\u00f1ol<\/a>.<\/p>","protected":false},"excerpt":{"rendered":"<p>Sorry, this entry is only available in Espa\u00f1ol.<\/p>\n","protected":false},"author":1,"featured_media":0,"parent":0,"menu_order":0,"comment_status":"closed","ping_status":"closed","template":"","meta":{"footnotes":""},"class_list":["post-634","page","type-page","status-publish","hentry"],"yoast_head":"<!-- This site is optimized with the Yoast SEO plugin v27.5 - https:\/\/yoast.com\/product\/yoast-seo-wordpress\/ -->\n<title>(Espa\u00f1ol) PRUEBAS TOPODIAGNOSTICAS EN EL PACIENTE CON VERTIGO - V\u00e9rtigo y Mareo<\/title>\n<meta name=\"robots\" content=\"index, follow, max-snippet:-1, max-image-preview:large, max-video-preview:-1\" \/>\n<link rel=\"canonical\" href=\"https:\/\/mareo-vertigo.com\/pruebas-topodiagnosticas-en-el-paciente-con-vertigo\/\" \/>\n<meta property=\"og:locale\" content=\"en_US\" \/>\n<meta property=\"og:type\" content=\"article\" \/>\n<meta property=\"og:title\" content=\"(Espa\u00f1ol) PRUEBAS TOPODIAGNOSTICAS EN EL PACIENTE CON VERTIGO - V\u00e9rtigo y Mareo\" \/>\n<meta property=\"og:description\" content=\"Sorry, this entry is only available in Espa\u00f1ol.\" \/>\n<meta property=\"og:url\" content=\"https:\/\/mareo-vertigo.com\/pruebas-topodiagnosticas-en-el-paciente-con-vertigo\/\" \/>\n<meta property=\"og:site_name\" content=\"V\u00e9rtigo y Mareo\" \/>\n<meta property=\"article:publisher\" content=\"https:\/\/www.facebook.com\/Vertigoymareo42\" \/>\n<meta property=\"article:modified_time\" content=\"2018-03-14T16:31:58+00:00\" \/>\n<meta property=\"og:image\" content=\"http:\/\/mareo-vertigo.com\/wp-content\/uploads\/cuadro1-1.png\" \/>\n<meta name=\"twitter:card\" content=\"summary_large_image\" \/>\n<meta name=\"twitter:label1\" content=\"Est. reading time\" \/>\n\t<meta name=\"twitter:data1\" content=\"19 minutes\" \/>\n<script type=\"application\/ld+json\" class=\"yoast-schema-graph\">{\"@context\":\"https:\\\/\\\/schema.org\",\"@graph\":[{\"@type\":\"WebPage\",\"@id\":\"https:\\\/\\\/mareo-vertigo.com\\\/pruebas-topodiagnosticas-en-el-paciente-con-vertigo\\\/\",\"url\":\"https:\\\/\\\/mareo-vertigo.com\\\/pruebas-topodiagnosticas-en-el-paciente-con-vertigo\\\/\",\"name\":\"(Espa\u00f1ol) PRUEBAS TOPODIAGNOSTICAS EN EL PACIENTE CON VERTIGO - V\u00e9rtigo y Mareo\",\"isPartOf\":{\"@id\":\"https:\\\/\\\/mareo-vertigo.com\\\/en\\\/#website\"},\"primaryImageOfPage\":{\"@id\":\"https:\\\/\\\/mareo-vertigo.com\\\/pruebas-topodiagnosticas-en-el-paciente-con-vertigo\\\/#primaryimage\"},\"image\":{\"@id\":\"https:\\\/\\\/mareo-vertigo.com\\\/pruebas-topodiagnosticas-en-el-paciente-con-vertigo\\\/#primaryimage\"},\"thumbnailUrl\":\"http:\\\/\\\/mareo-vertigo.com\\\/wp-content\\\/uploads\\\/cuadro1-1.png\",\"datePublished\":\"2018-03-08T16:30:54+00:00\",\"dateModified\":\"2018-03-14T16:31:58+00:00\",\"breadcrumb\":{\"@id\":\"https:\\\/\\\/mareo-vertigo.com\\\/pruebas-topodiagnosticas-en-el-paciente-con-vertigo\\\/#breadcrumb\"},\"inLanguage\":\"en-US\",\"potentialAction\":[{\"@type\":\"ReadAction\",\"target\":[\"https:\\\/\\\/mareo-vertigo.com\\\/pruebas-topodiagnosticas-en-el-paciente-con-vertigo\\\/\"]}]},{\"@type\":\"ImageObject\",\"inLanguage\":\"en-US\",\"@id\":\"https:\\\/\\\/mareo-vertigo.com\\\/pruebas-topodiagnosticas-en-el-paciente-con-vertigo\\\/#primaryimage\",\"url\":\"http:\\\/\\\/mareo-vertigo.com\\\/wp-content\\\/uploads\\\/cuadro1-1.png\",\"contentUrl\":\"http:\\\/\\\/mareo-vertigo.com\\\/wp-content\\\/uploads\\\/cuadro1-1.png\"},{\"@type\":\"BreadcrumbList\",\"@id\":\"https:\\\/\\\/mareo-vertigo.com\\\/pruebas-topodiagnosticas-en-el-paciente-con-vertigo\\\/#breadcrumb\",\"itemListElement\":[{\"@type\":\"ListItem\",\"position\":1,\"name\":\"Portada\",\"item\":\"https:\\\/\\\/mareo-vertigo.com\\\/en\\\/\"},{\"@type\":\"ListItem\",\"position\":2,\"name\":\"PRUEBAS TOPODIAGNOSTICAS EN EL PACIENTE CON VERTIGO\"}]},{\"@type\":\"WebSite\",\"@id\":\"https:\\\/\\\/mareo-vertigo.com\\\/en\\\/#website\",\"url\":\"https:\\\/\\\/mareo-vertigo.com\\\/en\\\/\",\"name\":\"V\u00e9rtigo y Mareo\",\"description\":\"\",\"potentialAction\":[{\"@type\":\"SearchAction\",\"target\":{\"@type\":\"EntryPoint\",\"urlTemplate\":\"https:\\\/\\\/mareo-vertigo.com\\\/en\\\/?s={search_term_string}\"},\"query-input\":{\"@type\":\"PropertyValueSpecification\",\"valueRequired\":true,\"valueName\":\"search_term_string\"}}],\"inLanguage\":\"en-US\"}]}<\/script>\n<!-- \/ Yoast SEO plugin. -->","yoast_head_json":{"title":"(Espa\u00f1ol) PRUEBAS TOPODIAGNOSTICAS EN EL PACIENTE CON VERTIGO - V\u00e9rtigo y Mareo","robots":{"index":"index","follow":"follow","max-snippet":"max-snippet:-1","max-image-preview":"max-image-preview:large","max-video-preview":"max-video-preview:-1"},"canonical":"https:\/\/mareo-vertigo.com\/pruebas-topodiagnosticas-en-el-paciente-con-vertigo\/","og_locale":"en_US","og_type":"article","og_title":"(Espa\u00f1ol) PRUEBAS TOPODIAGNOSTICAS EN EL PACIENTE CON VERTIGO - V\u00e9rtigo y Mareo","og_description":"Sorry, this entry is only available in Espa\u00f1ol.","og_url":"https:\/\/mareo-vertigo.com\/pruebas-topodiagnosticas-en-el-paciente-con-vertigo\/","og_site_name":"V\u00e9rtigo y Mareo","article_publisher":"https:\/\/www.facebook.com\/Vertigoymareo42","article_modified_time":"2018-03-14T16:31:58+00:00","og_image":[{"url":"http:\/\/mareo-vertigo.com\/wp-content\/uploads\/cuadro1-1.png","type":"","width":"","height":""}],"twitter_card":"summary_large_image","twitter_misc":{"Est. reading time":"19 minutes"},"schema":{"@context":"https:\/\/schema.org","@graph":[{"@type":"WebPage","@id":"https:\/\/mareo-vertigo.com\/pruebas-topodiagnosticas-en-el-paciente-con-vertigo\/","url":"https:\/\/mareo-vertigo.com\/pruebas-topodiagnosticas-en-el-paciente-con-vertigo\/","name":"(Espa\u00f1ol) PRUEBAS TOPODIAGNOSTICAS EN EL PACIENTE CON VERTIGO - V\u00e9rtigo y Mareo","isPartOf":{"@id":"https:\/\/mareo-vertigo.com\/en\/#website"},"primaryImageOfPage":{"@id":"https:\/\/mareo-vertigo.com\/pruebas-topodiagnosticas-en-el-paciente-con-vertigo\/#primaryimage"},"image":{"@id":"https:\/\/mareo-vertigo.com\/pruebas-topodiagnosticas-en-el-paciente-con-vertigo\/#primaryimage"},"thumbnailUrl":"http:\/\/mareo-vertigo.com\/wp-content\/uploads\/cuadro1-1.png","datePublished":"2018-03-08T16:30:54+00:00","dateModified":"2018-03-14T16:31:58+00:00","breadcrumb":{"@id":"https:\/\/mareo-vertigo.com\/pruebas-topodiagnosticas-en-el-paciente-con-vertigo\/#breadcrumb"},"inLanguage":"en-US","potentialAction":[{"@type":"ReadAction","target":["https:\/\/mareo-vertigo.com\/pruebas-topodiagnosticas-en-el-paciente-con-vertigo\/"]}]},{"@type":"ImageObject","inLanguage":"en-US","@id":"https:\/\/mareo-vertigo.com\/pruebas-topodiagnosticas-en-el-paciente-con-vertigo\/#primaryimage","url":"http:\/\/mareo-vertigo.com\/wp-content\/uploads\/cuadro1-1.png","contentUrl":"http:\/\/mareo-vertigo.com\/wp-content\/uploads\/cuadro1-1.png"},{"@type":"BreadcrumbList","@id":"https:\/\/mareo-vertigo.com\/pruebas-topodiagnosticas-en-el-paciente-con-vertigo\/#breadcrumb","itemListElement":[{"@type":"ListItem","position":1,"name":"Portada","item":"https:\/\/mareo-vertigo.com\/en\/"},{"@type":"ListItem","position":2,"name":"PRUEBAS TOPODIAGNOSTICAS EN EL PACIENTE CON VERTIGO"}]},{"@type":"WebSite","@id":"https:\/\/mareo-vertigo.com\/en\/#website","url":"https:\/\/mareo-vertigo.com\/en\/","name":"V\u00e9rtigo y Mareo","description":"","potentialAction":[{"@type":"SearchAction","target":{"@type":"EntryPoint","urlTemplate":"https:\/\/mareo-vertigo.com\/en\/?s={search_term_string}"},"query-input":{"@type":"PropertyValueSpecification","valueRequired":true,"valueName":"search_term_string"}}],"inLanguage":"en-US"}]}},"_links":{"self":[{"href":"https:\/\/mareo-vertigo.com\/en\/wp-json\/wp\/v2\/pages\/634","targetHints":{"allow":["GET"]}}],"collection":[{"href":"https:\/\/mareo-vertigo.com\/en\/wp-json\/wp\/v2\/pages"}],"about":[{"href":"https:\/\/mareo-vertigo.com\/en\/wp-json\/wp\/v2\/types\/page"}],"author":[{"embeddable":true,"href":"https:\/\/mareo-vertigo.com\/en\/wp-json\/wp\/v2\/users\/1"}],"replies":[{"embeddable":true,"href":"https:\/\/mareo-vertigo.com\/en\/wp-json\/wp\/v2\/comments?post=634"}],"version-history":[{"count":1,"href":"https:\/\/mareo-vertigo.com\/en\/wp-json\/wp\/v2\/pages\/634\/revisions"}],"predecessor-version":[{"id":651,"href":"https:\/\/mareo-vertigo.com\/en\/wp-json\/wp\/v2\/pages\/634\/revisions\/651"}],"wp:attachment":[{"href":"https:\/\/mareo-vertigo.com\/en\/wp-json\/wp\/v2\/media?parent=634"}],"curies":[{"name":"wp","href":"https:\/\/api.w.org\/{rel}","templated":true}]}}