{"id":25,"date":"2014-09-26T10:12:38","date_gmt":"2014-09-26T15:12:38","guid":{"rendered":"http:\/\/www.vertigo-mareo.com\/?page_id=25"},"modified":"2018-02-19T10:47:34","modified_gmt":"2018-02-19T16:47:34","slug":"migrana","status":"publish","type":"page","link":"https:\/\/mareo-vertigo.com\/en\/migrana\/","title":{"rendered":"Migra\u00f1a"},"content":{"rendered":"<hr class=\"symple-divider solid \" style=\"margin-top: 20px;margin-bottom: 20px;\" \/>\n<p><a href=\"http:\/\/mareo-vertigo.com\/wp-content\/uploads\/2014\/09\/Tratamiento-Migrana.jpg\"><img loading=\"lazy\" decoding=\"async\" class=\"alignnone wp-image-354 size-full\" title=\"Tratamiento de migra\u00f1a, somos especialistas en migra\u00f1a.\" src=\"http:\/\/mareo-vertigo.com\/wp-content\/uploads\/2014\/09\/Tratamiento-Migrana.jpg\" alt=\"Migra\u00f1a, tratamiento y causas.\" width=\"1200\" height=\"400\" srcset=\"https:\/\/mareo-vertigo.com\/wp-content\/uploads\/2014\/09\/Tratamiento-Migrana.jpg 1200w, https:\/\/mareo-vertigo.com\/wp-content\/uploads\/2014\/09\/Tratamiento-Migrana-300x100.jpg 300w, https:\/\/mareo-vertigo.com\/wp-content\/uploads\/2014\/09\/Tratamiento-Migrana-1024x341.jpg 1024w\" sizes=\"auto, (max-width: 1200px) 100vw, 1200px\" \/><\/a><\/p>\n<p class=\"p1\"><span class=\"s1\"><b>\u00bfDolores De Cabeza, N\u00e1useas y V\u00f3mitos?\u00a0<\/b><\/span><span class=\"s2\"><b><br \/>\n<\/b><\/span><span class=\"s1\"><b>\u00a1Podemos Ayudarle A Recuperar Su Salud!<\/b><\/span><\/p>\n<p class=\"p2\"><span class=\"s1\">La migra\u00f1a se caracteriza por dolores fuertes y palpitantes que normalmente afectan a un solo lado de la cabeza. Sus s\u00edntomas incluyen n\u00e1useas y v\u00f3mitos, distorsi\u00f3n de la visi\u00f3n, v\u00e9rtigo e hipersensibilidad a la luz. Una migra\u00f1a cl\u00e1sica es precedida por un aura en la cual la persona ve luces intermitentes, formas y colores distorsionados.<\/span><\/p>\n<p class=\"p3\"><span class=\"s1\">El sistema vascular y su influencia bajo los est\u00edmulos del sistema nervioso aut\u00f3nomo o neurovegetativo juega un rol fundamental, no s\u00f3lo en la Neurootolog\u00eda, sino tambi\u00e9n en el origen de las jaquecas o migra\u00f1as.<\/span><\/p>\n<p class=\"p4\"><span class=\"s1\">Toda modificaci\u00f3n del calibre de los capilares producen trastornos de nutrici\u00f3n a nivel de las c\u00e9lulas con modificaci\u00f3n de sus funciones. Los cambios del calibre capilar pueden deberse a fen\u00f3menos de vasodilataci\u00f3n como ocurre en las hipotensiones o a espasmos de las arteriolas como ocurre en los casos de hipertensi\u00f3n arterial.<\/span><\/p>\n<p class=\"p4\"><span class=\"s1\">Del an\u00e1lisis de nuestro Banco de datos surge que el 48.7% de los pacientes neurootol\u00f3gicos presentan alteraciones hidrodin\u00e1micas en los capilares, correspondiendo 29.56% a fen\u00f3menos de hipertensi\u00f3n o espastisidad y 27.26% a fen\u00f3menos de hipotensi\u00f3n o vasodilataci\u00f3n capilar.<\/span><\/p>\n<p class=\"p4\"><span class=\"s1\">Adem\u00e1s el 42% de los pacientes consultan por jaquecas, migra\u00f1as o cefaleas asociadas o no a otros s\u00edntomas neurootol\u00f3gicos.<\/span><\/p>\n<p class=\"p4\"><span class=\"s1\">En los pacientes con migra\u00f1a o jaquecas se aplica de rigor el estudio de la din\u00e1mica circulatoria cerebral por medio de la Ultrasonograf\u00eda por efecto Doppler Extracraneal diagnosticando el tipo y caracter\u00edsticas de las afecciones vasculares cerebrales.<\/span><\/p>\n<p class=\"p4\"><span class=\"s1\">En los pacientes menores de 40 a\u00f1os existe una igualdad de distribuci\u00f3n entre las formas vasoesp\u00e1sticas y vasodilatatorias, mientras que en los pacientes mayores de 60 a\u00f1os predominan las formas esp\u00e1sticas en el 80% de los estudios.<\/span><\/p>\n<p class=\"p4\"><span class=\"s1\">El tratamiento de la migra\u00f1a o jaqueca se dirige al tipo de afecci\u00f3n vascular que se padece, permitiendo adem\u00e1s instaurar una terap\u00e9utica.<\/span><\/p>\n","protected":false},"excerpt":{"rendered":"<p>\u00bfDolores De Cabeza, N\u00e1useas y V\u00f3mitos?\u00a0 \u00a1Podemos Ayudarle A Recuperar Su Salud! La migra\u00f1a se caracteriza por dolores fuertes y palpitantes que normalmente afectan a un solo lado de la cabeza. Sus s\u00edntomas incluyen n\u00e1useas y v\u00f3mitos, distorsi\u00f3n de la visi\u00f3n, v\u00e9rtigo e hipersensibilidad a la luz. Una migra\u00f1a cl\u00e1sica es precedida por un aura [&hellip;]<\/p>\n","protected":false},"author":1,"featured_media":0,"parent":0,"menu_order":0,"comment_status":"closed","ping_status":"closed","template":"","meta":{"footnotes":""},"class_list":["post-25","page","type-page","status-publish","hentry"],"yoast_head":"<!-- This site is optimized with the Yoast SEO plugin v27.3 - https:\/\/yoast.com\/product\/yoast-seo-wordpress\/ -->\n<title>MIGRA\u00d1A, tratamiento contra el dolor de cabeza.<\/title>\n<meta name=\"description\" content=\"MIGRA\u00d1AS causas y tratamiento. Contamos con un equipo especialista en el tratamiento de la migra\u00f1a. \u00a1Ll\u00e1manos y pregunta por nuestros servicios!\" \/>\n<meta name=\"robots\" content=\"index, follow, max-snippet:-1, max-image-preview:large, max-video-preview:-1\" \/>\n<link rel=\"canonical\" href=\"https:\/\/mareo-vertigo.com\/en\/migrana\/\" \/>\n<meta property=\"og:locale\" content=\"en_US\" \/>\n<meta property=\"og:type\" content=\"article\" \/>\n<meta property=\"og:title\" content=\"MIGRA\u00d1A, tratamiento contra el dolor de cabeza.\" \/>\n<meta property=\"og:description\" content=\"MIGRA\u00d1AS causas y tratamiento. Contamos con un equipo especialista en el tratamiento de la migra\u00f1a. \u00a1Ll\u00e1manos y pregunta por nuestros servicios!\" \/>\n<meta property=\"og:url\" content=\"https:\/\/mareo-vertigo.com\/en\/migrana\/\" \/>\n<meta property=\"og:site_name\" content=\"V\u00e9rtigo y Mareo\" \/>\n<meta property=\"article:publisher\" content=\"https:\/\/www.facebook.com\/Vertigoymareo42\" \/>\n<meta property=\"article:modified_time\" content=\"2018-02-19T16:47:34+00:00\" \/>\n<meta property=\"og:image\" content=\"http:\/\/mareo-vertigo.com\/wp-content\/uploads\/2014\/09\/Tratamiento-Migrana.jpg\" \/>\n<meta name=\"twitter:card\" content=\"summary_large_image\" \/>\n<meta name=\"twitter:label1\" content=\"Est. reading time\" \/>\n\t<meta name=\"twitter:data1\" content=\"2 minutes\" \/>\n<script type=\"application\/ld+json\" class=\"yoast-schema-graph\">{\"@context\":\"https:\\\/\\\/schema.org\",\"@graph\":[{\"@type\":\"WebPage\",\"@id\":\"https:\\\/\\\/mareo-vertigo.com\\\/en\\\/migrana\\\/\",\"url\":\"https:\\\/\\\/mareo-vertigo.com\\\/en\\\/migrana\\\/\",\"name\":\"MIGRA\u00d1A, tratamiento contra el dolor de cabeza.\",\"isPartOf\":{\"@id\":\"https:\\\/\\\/mareo-vertigo.com\\\/en\\\/#website\"},\"primaryImageOfPage\":{\"@id\":\"https:\\\/\\\/mareo-vertigo.com\\\/en\\\/migrana\\\/#primaryimage\"},\"image\":{\"@id\":\"https:\\\/\\\/mareo-vertigo.com\\\/en\\\/migrana\\\/#primaryimage\"},\"thumbnailUrl\":\"http:\\\/\\\/mareo-vertigo.com\\\/wp-content\\\/uploads\\\/2014\\\/09\\\/Tratamiento-Migrana.jpg\",\"datePublished\":\"2014-09-26T15:12:38+00:00\",\"dateModified\":\"2018-02-19T16:47:34+00:00\",\"description\":\"MIGRA\u00d1AS causas y tratamiento. Contamos con un equipo especialista en el tratamiento de la migra\u00f1a. \u00a1Ll\u00e1manos y pregunta por nuestros servicios!\",\"breadcrumb\":{\"@id\":\"https:\\\/\\\/mareo-vertigo.com\\\/en\\\/migrana\\\/#breadcrumb\"},\"inLanguage\":\"en-US\",\"potentialAction\":[{\"@type\":\"ReadAction\",\"target\":[\"https:\\\/\\\/mareo-vertigo.com\\\/en\\\/migrana\\\/\"]}]},{\"@type\":\"ImageObject\",\"inLanguage\":\"en-US\",\"@id\":\"https:\\\/\\\/mareo-vertigo.com\\\/en\\\/migrana\\\/#primaryimage\",\"url\":\"http:\\\/\\\/mareo-vertigo.com\\\/wp-content\\\/uploads\\\/2014\\\/09\\\/Tratamiento-Migrana.jpg\",\"contentUrl\":\"http:\\\/\\\/mareo-vertigo.com\\\/wp-content\\\/uploads\\\/2014\\\/09\\\/Tratamiento-Migrana.jpg\"},{\"@type\":\"BreadcrumbList\",\"@id\":\"https:\\\/\\\/mareo-vertigo.com\\\/en\\\/migrana\\\/#breadcrumb\",\"itemListElement\":[{\"@type\":\"ListItem\",\"position\":1,\"name\":\"Portada\",\"item\":\"https:\\\/\\\/mareo-vertigo.com\\\/en\\\/\"},{\"@type\":\"ListItem\",\"position\":2,\"name\":\"Migra\u00f1a\"}]},{\"@type\":\"WebSite\",\"@id\":\"https:\\\/\\\/mareo-vertigo.com\\\/en\\\/#website\",\"url\":\"https:\\\/\\\/mareo-vertigo.com\\\/en\\\/\",\"name\":\"V\u00e9rtigo y Mareo\",\"description\":\"\",\"potentialAction\":[{\"@type\":\"SearchAction\",\"target\":{\"@type\":\"EntryPoint\",\"urlTemplate\":\"https:\\\/\\\/mareo-vertigo.com\\\/en\\\/?s={search_term_string}\"},\"query-input\":{\"@type\":\"PropertyValueSpecification\",\"valueRequired\":true,\"valueName\":\"search_term_string\"}}],\"inLanguage\":\"en-US\"}]}<\/script>\n<!-- \/ Yoast SEO plugin. -->","yoast_head_json":{"title":"MIGRA\u00d1A, tratamiento contra el dolor de cabeza.","description":"MIGRA\u00d1AS causas y tratamiento. Contamos con un equipo especialista en el tratamiento de la migra\u00f1a. \u00a1Ll\u00e1manos y pregunta por nuestros servicios!","robots":{"index":"index","follow":"follow","max-snippet":"max-snippet:-1","max-image-preview":"max-image-preview:large","max-video-preview":"max-video-preview:-1"},"canonical":"https:\/\/mareo-vertigo.com\/en\/migrana\/","og_locale":"en_US","og_type":"article","og_title":"MIGRA\u00d1A, tratamiento contra el dolor de cabeza.","og_description":"MIGRA\u00d1AS causas y tratamiento. Contamos con un equipo especialista en el tratamiento de la migra\u00f1a. \u00a1Ll\u00e1manos y pregunta por nuestros servicios!","og_url":"https:\/\/mareo-vertigo.com\/en\/migrana\/","og_site_name":"V\u00e9rtigo y Mareo","article_publisher":"https:\/\/www.facebook.com\/Vertigoymareo42","article_modified_time":"2018-02-19T16:47:34+00:00","og_image":[{"url":"http:\/\/mareo-vertigo.com\/wp-content\/uploads\/2014\/09\/Tratamiento-Migrana.jpg","type":"","width":"","height":""}],"twitter_card":"summary_large_image","twitter_misc":{"Est. reading time":"2 minutes"},"schema":{"@context":"https:\/\/schema.org","@graph":[{"@type":"WebPage","@id":"https:\/\/mareo-vertigo.com\/en\/migrana\/","url":"https:\/\/mareo-vertigo.com\/en\/migrana\/","name":"MIGRA\u00d1A, tratamiento contra el dolor de cabeza.","isPartOf":{"@id":"https:\/\/mareo-vertigo.com\/en\/#website"},"primaryImageOfPage":{"@id":"https:\/\/mareo-vertigo.com\/en\/migrana\/#primaryimage"},"image":{"@id":"https:\/\/mareo-vertigo.com\/en\/migrana\/#primaryimage"},"thumbnailUrl":"http:\/\/mareo-vertigo.com\/wp-content\/uploads\/2014\/09\/Tratamiento-Migrana.jpg","datePublished":"2014-09-26T15:12:38+00:00","dateModified":"2018-02-19T16:47:34+00:00","description":"MIGRA\u00d1AS causas y tratamiento. Contamos con un equipo especialista en el tratamiento de la migra\u00f1a. \u00a1Ll\u00e1manos y pregunta por nuestros servicios!","breadcrumb":{"@id":"https:\/\/mareo-vertigo.com\/en\/migrana\/#breadcrumb"},"inLanguage":"en-US","potentialAction":[{"@type":"ReadAction","target":["https:\/\/mareo-vertigo.com\/en\/migrana\/"]}]},{"@type":"ImageObject","inLanguage":"en-US","@id":"https:\/\/mareo-vertigo.com\/en\/migrana\/#primaryimage","url":"http:\/\/mareo-vertigo.com\/wp-content\/uploads\/2014\/09\/Tratamiento-Migrana.jpg","contentUrl":"http:\/\/mareo-vertigo.com\/wp-content\/uploads\/2014\/09\/Tratamiento-Migrana.jpg"},{"@type":"BreadcrumbList","@id":"https:\/\/mareo-vertigo.com\/en\/migrana\/#breadcrumb","itemListElement":[{"@type":"ListItem","position":1,"name":"Portada","item":"https:\/\/mareo-vertigo.com\/en\/"},{"@type":"ListItem","position":2,"name":"Migra\u00f1a"}]},{"@type":"WebSite","@id":"https:\/\/mareo-vertigo.com\/en\/#website","url":"https:\/\/mareo-vertigo.com\/en\/","name":"V\u00e9rtigo y Mareo","description":"","potentialAction":[{"@type":"SearchAction","target":{"@type":"EntryPoint","urlTemplate":"https:\/\/mareo-vertigo.com\/en\/?s={search_term_string}"},"query-input":{"@type":"PropertyValueSpecification","valueRequired":true,"valueName":"search_term_string"}}],"inLanguage":"en-US"}]}},"_links":{"self":[{"href":"https:\/\/mareo-vertigo.com\/en\/wp-json\/wp\/v2\/pages\/25","targetHints":{"allow":["GET"]}}],"collection":[{"href":"https:\/\/mareo-vertigo.com\/en\/wp-json\/wp\/v2\/pages"}],"about":[{"href":"https:\/\/mareo-vertigo.com\/en\/wp-json\/wp\/v2\/types\/page"}],"author":[{"embeddable":true,"href":"https:\/\/mareo-vertigo.com\/en\/wp-json\/wp\/v2\/users\/1"}],"replies":[{"embeddable":true,"href":"https:\/\/mareo-vertigo.com\/en\/wp-json\/wp\/v2\/comments?post=25"}],"version-history":[{"count":7,"href":"https:\/\/mareo-vertigo.com\/en\/wp-json\/wp\/v2\/pages\/25\/revisions"}],"predecessor-version":[{"id":464,"href":"https:\/\/mareo-vertigo.com\/en\/wp-json\/wp\/v2\/pages\/25\/revisions\/464"}],"wp:attachment":[{"href":"https:\/\/mareo-vertigo.com\/en\/wp-json\/wp\/v2\/media?parent=25"}],"curies":[{"name":"wp","href":"https:\/\/api.w.org\/{rel}","templated":true}]}}